{"id":50,"date":"2025-03-14T00:13:58","date_gmt":"2025-03-14T00:13:58","guid":{"rendered":"https:\/\/institut-lb.com\/?page_id=50"},"modified":"2025-06-17T23:27:05","modified_gmt":"2025-06-17T23:27:05","slug":"contact","status":"publish","type":"page","link":"https:\/\/institut-lb.com\/index.php\/contact\/","title":{"rendered":"Contact"},"content":{"rendered":"\n<div style=\"height:60px\" aria-hidden=\"true\" class=\"wp-block-spacer\"><\/div>\n\n\n\n<p><\/p>\n\n\n\n<div class=\"wp-block-columns is-layout-flex wp-container-core-columns-is-layout-28f84493 wp-block-columns-is-layout-flex\">\n<div class=\"wp-block-column is-layout-flow wp-block-column-is-layout-flow\">\n<h2 class=\"wp-block-heading\">Nous Contacter<\/h2>\n\n\n\n<p>T\u00e9l\u00e9phone : 450-676-9955<\/p>\n\n\n\n<p>Courriel : Bient\u00f4t disponible<\/p>\n<\/div>\n\n\n\n<div class=\"wp-block-column is-layout-flow wp-block-column-is-layout-flow\">\n<h2 class=\"wp-block-heading\">Heures d&rsquo;ouverture<\/h2>\n\n\n\n<ul class=\"wp-block-list\">\n<li>Lundi : 9:00 &#8211; 17:00<\/li>\n\n\n\n<li>Mardi : 9:00 &#8211; 17:00<\/li>\n\n\n\n<li>Mercredi : 9:00 &#8211; 17:00<\/li>\n\n\n\n<li>Jeudi : 9:00 &#8211; 17:00<\/li>\n\n\n\n<li>Vendredi : Ferm\u00e9<\/li>\n\n\n\n<li>Samedi : 9:00 &#8211; 12:00<\/li>\n\n\n\n<li>Dimanche : Ferm\u00e9<\/li>\n<\/ul>\n<\/div>\n<\/div>\n\n\n\n<ul class=\"wp-block-list\">\n<li><\/li>\n<\/ul>\n\n\n\n<p><\/p>\n","protected":false},"excerpt":{"rendered":"<p>Nous Contacter T\u00e9l\u00e9phone : 450-676-9955 Courriel : Bient\u00f4t disponible Heures d&rsquo;ouverture<\/p>\n","protected":false},"author":1,"featured_media":0,"parent":0,"menu_order":0,"comment_status":"closed","ping_status":"closed","template":"","meta":{"footnotes":""},"class_list":["post-50","page","type-page","status-publish","hentry"],"yoast_head":"<!-- This site is optimized with the Yoast SEO plugin v25.3 - https:\/\/yoast.com\/wordpress\/plugins\/seo\/ -->\n<title>Contact - Institut LB<\/title>\n<meta name=\"description\" content=\"Adresse et num\u00e9ros de t\u00e9l\u00e9phone pour rejoindre l&#039;Institut Lola Bergaya ainsi que les heures d&#039;ouvertures de la succursale. On vous attend!\" \/>\n<meta name=\"robots\" content=\"index, follow, max-snippet:-1, max-image-preview:large, max-video-preview:-1\" \/>\n<link rel=\"canonical\" href=\"https:\/\/institut-lb.com\/index.php\/contact\/\" \/>\n<meta property=\"og:locale\" content=\"fr_CA\" \/>\n<meta property=\"og:type\" content=\"article\" \/>\n<meta property=\"og:title\" content=\"Contact - Institut LB\" \/>\n<meta property=\"og:description\" content=\"Adresse et num\u00e9ros de t\u00e9l\u00e9phone pour rejoindre l&#039;Institut Lola Bergaya ainsi que les heures d&#039;ouvertures de la succursale. On vous attend!\" \/>\n<meta property=\"og:url\" content=\"https:\/\/institut-lb.com\/index.php\/contact\/\" \/>\n<meta property=\"og:site_name\" content=\"Institut LB\" \/>\n<meta property=\"article:modified_time\" content=\"2025-06-17T23:27:05+00:00\" \/>\n<meta name=\"twitter:card\" content=\"summary_large_image\" \/>\n<meta name=\"twitter:label1\" content=\"Estimation du temps de lecture\" \/>\n\t<meta name=\"twitter:data1\" content=\"1 minute\" \/>\n<script type=\"application\/ld+json\" class=\"yoast-schema-graph\">{\"@context\":\"https:\/\/schema.org\",\"@graph\":[{\"@type\":\"WebPage\",\"@id\":\"https:\/\/institut-lb.com\/index.php\/contact\/\",\"url\":\"https:\/\/institut-lb.com\/index.php\/contact\/\",\"name\":\"Contact - Institut LB\",\"isPartOf\":{\"@id\":\"https:\/\/institut-lb.com\/#website\"},\"datePublished\":\"2025-03-14T00:13:58+00:00\",\"dateModified\":\"2025-06-17T23:27:05+00:00\",\"description\":\"Adresse et num\u00e9ros de t\u00e9l\u00e9phone pour rejoindre l'Institut Lola Bergaya ainsi que les heures d'ouvertures de la succursale. On vous attend!\",\"breadcrumb\":{\"@id\":\"https:\/\/institut-lb.com\/index.php\/contact\/#breadcrumb\"},\"inLanguage\":\"fr-CA\",\"potentialAction\":[{\"@type\":\"ReadAction\",\"target\":[\"https:\/\/institut-lb.com\/index.php\/contact\/\"]}]},{\"@type\":\"BreadcrumbList\",\"@id\":\"https:\/\/institut-lb.com\/index.php\/contact\/#breadcrumb\",\"itemListElement\":[{\"@type\":\"ListItem\",\"position\":1,\"name\":\"Accueil\",\"item\":\"https:\/\/institut-lb.com\/\"},{\"@type\":\"ListItem\",\"position\":2,\"name\":\"Contact\"}]},{\"@type\":\"WebSite\",\"@id\":\"https:\/\/institut-lb.com\/#website\",\"url\":\"https:\/\/institut-lb.com\/\",\"name\":\"Institut LB\",\"description\":\"\",\"publisher\":{\"@id\":\"https:\/\/institut-lb.com\/#organization\"},\"potentialAction\":[{\"@type\":\"SearchAction\",\"target\":{\"@type\":\"EntryPoint\",\"urlTemplate\":\"https:\/\/institut-lb.com\/?s={search_term_string}\"},\"query-input\":{\"@type\":\"PropertyValueSpecification\",\"valueRequired\":true,\"valueName\":\"search_term_string\"}}],\"inLanguage\":\"fr-CA\"},{\"@type\":\"Organization\",\"@id\":\"https:\/\/institut-lb.com\/#organization\",\"name\":\"Institut LB\",\"url\":\"https:\/\/institut-lb.com\/\",\"logo\":{\"@type\":\"ImageObject\",\"inLanguage\":\"fr-CA\",\"@id\":\"https:\/\/institut-lb.com\/#\/schema\/logo\/image\/\",\"url\":\"https:\/\/institut-lb.com\/wp-content\/uploads\/2025\/03\/LOGOOOOOOOO.png\",\"contentUrl\":\"https:\/\/institut-lb.com\/wp-content\/uploads\/2025\/03\/LOGOOOOOOOO.png\",\"width\":1107,\"height\":1170,\"caption\":\"Institut LB\"},\"image\":{\"@id\":\"https:\/\/institut-lb.com\/#\/schema\/logo\/image\/\"}}]}<\/script>\n<!-- \/ Yoast SEO plugin. -->","yoast_head_json":{"title":"Contact - Institut LB","description":"Adresse et num\u00e9ros de t\u00e9l\u00e9phone pour rejoindre l'Institut Lola Bergaya ainsi que les heures d'ouvertures de la succursale. On vous attend!","robots":{"index":"index","follow":"follow","max-snippet":"max-snippet:-1","max-image-preview":"max-image-preview:large","max-video-preview":"max-video-preview:-1"},"canonical":"https:\/\/institut-lb.com\/index.php\/contact\/","og_locale":"fr_CA","og_type":"article","og_title":"Contact - Institut LB","og_description":"Adresse et num\u00e9ros de t\u00e9l\u00e9phone pour rejoindre l'Institut Lola Bergaya ainsi que les heures d'ouvertures de la succursale. On vous attend!","og_url":"https:\/\/institut-lb.com\/index.php\/contact\/","og_site_name":"Institut LB","article_modified_time":"2025-06-17T23:27:05+00:00","twitter_card":"summary_large_image","twitter_misc":{"Estimation du temps de lecture":"1 minute"},"schema":{"@context":"https:\/\/schema.org","@graph":[{"@type":"WebPage","@id":"https:\/\/institut-lb.com\/index.php\/contact\/","url":"https:\/\/institut-lb.com\/index.php\/contact\/","name":"Contact - Institut LB","isPartOf":{"@id":"https:\/\/institut-lb.com\/#website"},"datePublished":"2025-03-14T00:13:58+00:00","dateModified":"2025-06-17T23:27:05+00:00","description":"Adresse et num\u00e9ros de t\u00e9l\u00e9phone pour rejoindre l'Institut Lola Bergaya ainsi que les heures d'ouvertures de la succursale. On vous attend!","breadcrumb":{"@id":"https:\/\/institut-lb.com\/index.php\/contact\/#breadcrumb"},"inLanguage":"fr-CA","potentialAction":[{"@type":"ReadAction","target":["https:\/\/institut-lb.com\/index.php\/contact\/"]}]},{"@type":"BreadcrumbList","@id":"https:\/\/institut-lb.com\/index.php\/contact\/#breadcrumb","itemListElement":[{"@type":"ListItem","position":1,"name":"Accueil","item":"https:\/\/institut-lb.com\/"},{"@type":"ListItem","position":2,"name":"Contact"}]},{"@type":"WebSite","@id":"https:\/\/institut-lb.com\/#website","url":"https:\/\/institut-lb.com\/","name":"Institut LB","description":"","publisher":{"@id":"https:\/\/institut-lb.com\/#organization"},"potentialAction":[{"@type":"SearchAction","target":{"@type":"EntryPoint","urlTemplate":"https:\/\/institut-lb.com\/?s={search_term_string}"},"query-input":{"@type":"PropertyValueSpecification","valueRequired":true,"valueName":"search_term_string"}}],"inLanguage":"fr-CA"},{"@type":"Organization","@id":"https:\/\/institut-lb.com\/#organization","name":"Institut LB","url":"https:\/\/institut-lb.com\/","logo":{"@type":"ImageObject","inLanguage":"fr-CA","@id":"https:\/\/institut-lb.com\/#\/schema\/logo\/image\/","url":"https:\/\/institut-lb.com\/wp-content\/uploads\/2025\/03\/LOGOOOOOOOO.png","contentUrl":"https:\/\/institut-lb.com\/wp-content\/uploads\/2025\/03\/LOGOOOOOOOO.png","width":1107,"height":1170,"caption":"Institut LB"},"image":{"@id":"https:\/\/institut-lb.com\/#\/schema\/logo\/image\/"}}]}},"_links":{"self":[{"href":"https:\/\/institut-lb.com\/index.php\/wp-json\/wp\/v2\/pages\/50","targetHints":{"allow":["GET"]}}],"collection":[{"href":"https:\/\/institut-lb.com\/index.php\/wp-json\/wp\/v2\/pages"}],"about":[{"href":"https:\/\/institut-lb.com\/index.php\/wp-json\/wp\/v2\/types\/page"}],"author":[{"embeddable":true,"href":"https:\/\/institut-lb.com\/index.php\/wp-json\/wp\/v2\/users\/1"}],"replies":[{"embeddable":true,"href":"https:\/\/institut-lb.com\/index.php\/wp-json\/wp\/v2\/comments?post=50"}],"version-history":[{"count":8,"href":"https:\/\/institut-lb.com\/index.php\/wp-json\/wp\/v2\/pages\/50\/revisions"}],"predecessor-version":[{"id":121,"href":"https:\/\/institut-lb.com\/index.php\/wp-json\/wp\/v2\/pages\/50\/revisions\/121"}],"wp:attachment":[{"href":"https:\/\/institut-lb.com\/index.php\/wp-json\/wp\/v2\/media?parent=50"}],"curies":[{"name":"wp","href":"https:\/\/api.w.org\/{rel}","templated":true}]}}